{"id":749,"date":"2025-05-28T20:29:26","date_gmt":"2025-05-28T20:29:26","guid":{"rendered":"https:\/\/alcoberservices.com\/?page_id=749"},"modified":"2025-06-27T12:34:18","modified_gmt":"2025-06-27T12:34:18","slug":"sobre","status":"publish","type":"page","link":"https:\/\/alcoberservices.com\/en\/sobre\/","title":{"rendered":"About"},"content":{"rendered":"\t\t<div data-elementor-type=\"wp-page\" data-elementor-id=\"749\" class=\"elementor elementor-749\" data-elementor-post-type=\"page\">\n\t\t\t\t<div class=\"elementor-element elementor-element-319ead5 e-flex e-con-boxed e-con e-parent\" data-id=\"319ead5\" data-element_type=\"container\" data-e-type=\"container\" data-settings=\"{&quot;background_background&quot;:&quot;classic&quot;}\">\n\t\t\t\t\t<div class=\"e-con-inner\">\n\t\t\t\t<div class=\"elementor-element elementor-element-a5e3bf7 elementor-widget-divider--view-line elementor-widget elementor-widget-divider\" data-id=\"a5e3bf7\" data-element_type=\"widget\" data-e-type=\"widget\" data-widget_type=\"divider.default\">\n\t\t\t\t<div class=\"elementor-widget-container\">\n\t\t\t\t\t\t\t<div class=\"elementor-divider\">\n\t\t\t<span class=\"elementor-divider-separator\">\n\t\t\t\t\t\t<\/span>\n\t\t<\/div>\n\t\t\t\t\t\t<\/div>\n\t\t\t\t<\/div>\n\t\t\t\t\t<\/div>\n\t\t\t\t<\/div>\n\t\t<div class=\"elementor-element elementor-element-3dd2a9d e-flex e-con-boxed e-con e-parent\" data-id=\"3dd2a9d\" data-element_type=\"container\" data-e-type=\"container\" data-settings=\"{&quot;background_background&quot;:&quot;classic&quot;}\">\n\t\t\t\t\t<div class=\"e-con-inner\">\n\t\t\t\t<div class=\"elementor-element elementor-element-1b93c4f elementor-widget elementor-widget-qi_addons_for_elementor_section_title\" data-id=\"1b93c4f\" data-element_type=\"widget\" data-e-type=\"widget\" data-widget_type=\"qi_addons_for_elementor_section_title.default\">\n\t\t\t\t<div class=\"elementor-widget-container\">\n\t\t\t\t\t<div class=\"qodef-shortcode qodef-m qodef-qi-section-title qodef-decoration--italic qodef-link--underline-draw qodef-subtitle-icon--left\">\n\t\t\t<h1 class=\"qodef-m-title\">\n\t\tSobre <span class=\"qodef-e-colored\"><span class=\"qodef-e-decorated\">Nosotros<\/span><\/span>\t<\/h1>\n\t\t\t\t<h5 class=\"qodef-m-subtitle\">\n\t\tConoce nuestro increible servicio\t\t\t<\/h5>\n\t\t\t<\/div>\n\t\t\t\t<\/div>\n\t\t\t\t<\/div>\n\t\t\t\t\t<\/div>\n\t\t\t\t<\/div>\n\t\t<div class=\"elementor-element elementor-element-6199fd2 e-grid e-con-boxed e-con e-parent\" data-id=\"6199fd2\" data-element_type=\"container\" data-e-type=\"container\" data-settings=\"{&quot;background_background&quot;:&quot;classic&quot;}\">\n\t\t\t\t\t<div class=\"e-con-inner\">\n\t\t\t\t<div class=\"elementor-element elementor-element-36cdcaf elementor-widget elementor-widget-image\" data-id=\"36cdcaf\" data-element_type=\"widget\" data-e-type=\"widget\" data-widget_type=\"image.default\">\n\t\t\t\t<div class=\"elementor-widget-container\">\n\t\t\t\t\t\t\t\t\t\t\t\t\t\t\t<img fetchpriority=\"high\" decoding=\"async\" width=\"580\" height=\"387\" src=\"https:\/\/alcoberservices.com\/wp-content\/uploads\/2025\/06\/DSCF7669_4000x2677_crop_center-1024x683.webp\" class=\"attachment-large size-large wp-image-1735\" alt=\"\" srcset=\"https:\/\/alcoberservices.com\/wp-content\/uploads\/2025\/06\/DSCF7669_4000x2677_crop_center-1024x683.webp 1024w, https:\/\/alcoberservices.com\/wp-content\/uploads\/2025\/06\/DSCF7669_4000x2677_crop_center-300x200.webp 300w, https:\/\/alcoberservices.com\/wp-content\/uploads\/2025\/06\/DSCF7669_4000x2677_crop_center-768x512.webp 768w, https:\/\/alcoberservices.com\/wp-content\/uploads\/2025\/06\/DSCF7669_4000x2677_crop_center-1536x1024.webp 1536w, https:\/\/alcoberservices.com\/wp-content\/uploads\/2025\/06\/DSCF7669_4000x2677_crop_center-2048x1365.webp 2048w, https:\/\/alcoberservices.com\/wp-content\/uploads\/2025\/06\/DSCF7669_4000x2677_crop_center-18x12.webp 18w, https:\/\/alcoberservices.com\/wp-content\/uploads\/2025\/06\/DSCF7669_4000x2677_crop_center-1200x800.webp 1200w, https:\/\/alcoberservices.com\/wp-content\/uploads\/2025\/06\/DSCF7669_4000x2677_crop_center-1980x1320.webp 1980w\" sizes=\"(max-width: 580px) 100vw, 580px\" \/>\t\t\t\t\t\t\t\t\t\t\t\t\t\t\t<\/div>\n\t\t\t\t<\/div>\n\t\t\t\t<div class=\"elementor-element elementor-element-21bfbe2 elementor-widget elementor-widget-text-editor\" data-id=\"21bfbe2\" data-element_type=\"widget\" data-e-type=\"widget\" data-widget_type=\"text-editor.default\">\n\t\t\t\t<div class=\"elementor-widget-container\">\n\t\t\t\t\t\t\t\t\t<p>Rental Service Alcober es una empresa especializada en el alquiler de coches de lujo, barcos exclusivos y villas de alto nivel en Espa\u00f1a. Nuestra misi\u00f3n es ofrecer experiencias inolvidables a trav\u00e9s de un servicio integral de lujo, donde cada detalle est\u00e1 dise\u00f1ado para superar las expectativas de nuestros clientes.<\/p><p>Contamos con una flota de veh\u00edculos de alta gama procedentes de marcas ic\u00f3nicas como Lamborghini, Bentley, Ferrari, Audi, entre otras. Cada coche es cuidado con esmero para garantizar que disfrutes la sensaci\u00f3n de conducir un veh\u00edculo como nuevo.<\/p><p>Adem\u00e1s, te ofrecemos la posibilidad de vivir el mar desde otra perspectiva con nuestros barcos de lujo, ideales para recorrer la costa con total libertad y comodidad. Y para completar la experiencia, ponemos a tu disposici\u00f3n villas exclusivas que destacan por su dise\u00f1o, ubicaci\u00f3n privilegiada y privacidad.<\/p><p>\u00a0<\/p>\t\t\t\t\t\t\t\t<\/div>\n\t\t\t\t<\/div>\n\t\t\t\t\t<\/div>\n\t\t\t\t<\/div>\n\t\t<div class=\"elementor-element elementor-element-80685eb e-flex e-con-boxed e-con e-parent\" data-id=\"80685eb\" data-element_type=\"container\" data-e-type=\"container\" data-settings=\"{&quot;background_background&quot;:&quot;classic&quot;}\">\n\t\t\t\t\t<div class=\"e-con-inner\">\n\t\t<div class=\"elementor-element elementor-element-cd1e1e2 e-con-full e-flex e-con e-child\" data-id=\"cd1e1e2\" data-element_type=\"container\" data-e-type=\"container\">\n\t\t\t\t<div class=\"elementor-element elementor-element-b5d55a8 elementor-widget elementor-widget-text-editor\" data-id=\"b5d55a8\" data-element_type=\"widget\" data-e-type=\"widget\" data-widget_type=\"text-editor.default\">\n\t\t\t\t<div class=\"elementor-widget-container\">\n\t\t\t\t\t\t\t\t\t<p>\u00bfTe gustan los coches? \u00bfTe apasiona el mar? \u00bfBuscas una estancia de ensue\u00f1o? Con la ayuda de nuestros especialistas, podr\u00e1s vivir momentos \u00fanicos, rodeado de calidad, confort y estilo. Nuestra dedicaci\u00f3n 24\/7 har\u00e1 de tus vacaciones exactamente lo que deseas: descanso y diversi\u00f3n sin preocupaciones.<\/p><p>En Rental Service Alcober trabajamos d\u00eda a d\u00eda para alcanzar la excelencia y mantenernos como un referente en el sector del lujo, avalados por la confianza y satisfacci\u00f3n de nuestros clientes.<\/p>\t\t\t\t\t\t\t\t<\/div>\n\t\t\t\t<\/div>\n\t\t\t\t<\/div>\n\t\t<div class=\"elementor-element elementor-element-af64b1c e-con-full e-flex e-con e-child\" data-id=\"af64b1c\" data-element_type=\"container\" data-e-type=\"container\">\n\t\t\t\t<div class=\"elementor-element elementor-element-701e831 elementor-widget elementor-widget-image\" data-id=\"701e831\" data-element_type=\"widget\" data-e-type=\"widget\" data-widget_type=\"image.default\">\n\t\t\t\t<div class=\"elementor-widget-container\">\n\t\t\t\t\t\t\t\t\t\t\t\t\t\t\t<img decoding=\"async\" width=\"580\" height=\"387\" src=\"https:\/\/alcoberservices.com\/wp-content\/uploads\/2025\/06\/20250603_0941_Escena-Ibicenca-Vibrante_simple_compose_01jwtbps1xfk6sv0503nx9r3zh-1024x683.png\" class=\"attachment-large size-large wp-image-1298\" alt=\"\" srcset=\"https:\/\/alcoberservices.com\/wp-content\/uploads\/2025\/06\/20250603_0941_Escena-Ibicenca-Vibrante_simple_compose_01jwtbps1xfk6sv0503nx9r3zh-1024x683.png 1024w, https:\/\/alcoberservices.com\/wp-content\/uploads\/2025\/06\/20250603_0941_Escena-Ibicenca-Vibrante_simple_compose_01jwtbps1xfk6sv0503nx9r3zh-300x200.png 300w, https:\/\/alcoberservices.com\/wp-content\/uploads\/2025\/06\/20250603_0941_Escena-Ibicenca-Vibrante_simple_compose_01jwtbps1xfk6sv0503nx9r3zh-768x512.png 768w, https:\/\/alcoberservices.com\/wp-content\/uploads\/2025\/06\/20250603_0941_Escena-Ibicenca-Vibrante_simple_compose_01jwtbps1xfk6sv0503nx9r3zh-18x12.png 18w, https:\/\/alcoberservices.com\/wp-content\/uploads\/2025\/06\/20250603_0941_Escena-Ibicenca-Vibrante_simple_compose_01jwtbps1xfk6sv0503nx9r3zh-1200x800.png 1200w, https:\/\/alcoberservices.com\/wp-content\/uploads\/2025\/06\/20250603_0941_Escena-Ibicenca-Vibrante_simple_compose_01jwtbps1xfk6sv0503nx9r3zh.png 1536w\" sizes=\"(max-width: 580px) 100vw, 580px\" \/>\t\t\t\t\t\t\t\t\t\t\t\t\t\t\t<\/div>\n\t\t\t\t<\/div>\n\t\t\t\t<\/div>\n\t\t\t\t\t<\/div>\n\t\t\t\t<\/div>\n\t\t<div class=\"elementor-element elementor-element-4df60d7 e-flex e-con-boxed e-con e-parent\" data-id=\"4df60d7\" data-element_type=\"container\" data-e-type=\"container\" data-settings=\"{&quot;background_background&quot;:&quot;classic&quot;}\">\n\t\t\t\t\t<div class=\"e-con-inner\">\n\t\t\t\t<div class=\"elementor-element elementor-element-bc0cd4e elementor-widget-divider--view-line elementor-widget elementor-widget-divider\" data-id=\"bc0cd4e\" data-element_type=\"widget\" data-e-type=\"widget\" data-widget_type=\"divider.default\">\n\t\t\t\t<div class=\"elementor-widget-container\">\n\t\t\t\t\t\t\t<div class=\"elementor-divider\">\n\t\t\t<span class=\"elementor-divider-separator\">\n\t\t\t\t\t\t<\/span>\n\t\t<\/div>\n\t\t\t\t\t\t<\/div>\n\t\t\t\t<\/div>\n\t\t\t\t\t<\/div>\n\t\t\t\t<\/div>\n\t\t\t\t<section class=\"elementor-section elementor-top-section elementor-element elementor-element-76985465 elementor-section-boxed elementor-section-height-default elementor-section-height-default\" data-id=\"76985465\" data-element_type=\"section\" data-e-type=\"section\" data-settings=\"{&quot;background_background&quot;:&quot;classic&quot;}\">\n\t\t\t\t\t\t<div class=\"elementor-container elementor-column-gap-no\">\n\t\t\t\t\t<div class=\"elementor-column elementor-col-50 elementor-top-column elementor-element elementor-element-4b69c7e1\" data-id=\"4b69c7e1\" data-element_type=\"column\" data-e-type=\"column\" data-settings=\"{&quot;background_background&quot;:&quot;classic&quot;}\">\n\t\t\t<div class=\"elementor-widget-wrap elementor-element-populated\">\n\t\t\t\t\t\t<div class=\"elementor-element elementor-element-3a5e6dc4 elementor-widget elementor-widget-heading\" data-id=\"3a5e6dc4\" data-element_type=\"widget\" data-e-type=\"widget\" data-widget_type=\"heading.default\">\n\t\t\t\t<div class=\"elementor-widget-container\">\n\t\t\t\t\t<h2 class=\"elementor-heading-title elementor-size-default\">\u00bfTienes Preguntas? Cont\u00e1ctanos<\/h2>\t\t\t\t<\/div>\n\t\t\t\t<\/div>\n\t\t\t\t<div class=\"elementor-element elementor-element-43b92ef3 elementor-button-align-stretch elementor-widget elementor-widget-form\" data-id=\"43b92ef3\" data-element_type=\"widget\" data-e-type=\"widget\" data-settings=\"{&quot;step_next_label&quot;:&quot;Next&quot;,&quot;step_previous_label&quot;:&quot;Previous&quot;,&quot;button_width&quot;:&quot;100&quot;,&quot;step_type&quot;:&quot;number_text&quot;,&quot;step_icon_shape&quot;:&quot;circle&quot;}\" data-widget_type=\"form.default\">\n\t\t\t\t<div class=\"elementor-widget-container\">\n\t\t\t\t\t\t\t<form class=\"elementor-form\" method=\"post\" name=\"Contact Form\" aria-label=\"Contact Form\">\n\t\t\t<input type=\"hidden\" name=\"post_id\" value=\"749\"\/>\n\t\t\t<input type=\"hidden\" name=\"form_id\" value=\"43b92ef3\"\/>\n\t\t\t<input type=\"hidden\" name=\"referer_title\" value=\"\" \/>\n\n\t\t\t\n\t\t\t<div class=\"elementor-form-fields-wrapper elementor-labels-above\">\n\t\t\t\t\t\t\t\t<div class=\"elementor-field-type-text elementor-field-group elementor-column elementor-field-group-first_name elementor-col-50 elementor-field-required elementor-mark-required\">\n\t\t\t\t\t\t\t\t\t\t\t\t<label for=\"form-field-first_name\" class=\"elementor-field-label\">\n\t\t\t\t\t\t\t\tNombre\t\t\t\t\t\t\t<\/label>\n\t\t\t\t\t\t\t\t\t\t\t\t\t\t<input size=\"1\" type=\"text\" name=\"form_fields[first_name]\" id=\"form-field-first_name\" class=\"elementor-field elementor-size-sm  elementor-field-textual\" required=\"required\">\n\t\t\t\t\t\t\t\t\t\t\t<\/div>\n\t\t\t\t\t\t\t\t<div class=\"elementor-field-type-text elementor-field-group elementor-column elementor-field-group-last_name elementor-col-50 elementor-field-required elementor-mark-required\">\n\t\t\t\t\t\t\t\t\t\t\t\t<label for=\"form-field-last_name\" class=\"elementor-field-label\">\n\t\t\t\t\t\t\t\tApellidos\t\t\t\t\t\t\t<\/label>\n\t\t\t\t\t\t\t\t\t\t\t\t\t\t<input size=\"1\" type=\"text\" name=\"form_fields[last_name]\" id=\"form-field-last_name\" class=\"elementor-field elementor-size-sm  elementor-field-textual\" required=\"required\">\n\t\t\t\t\t\t\t\t\t\t\t<\/div>\n\t\t\t\t\t\t\t\t<div class=\"elementor-field-type-email elementor-field-group elementor-column elementor-field-group-email_address elementor-col-50 elementor-field-required elementor-mark-required\">\n\t\t\t\t\t\t\t\t\t\t\t\t<label for=\"form-field-email_address\" class=\"elementor-field-label\">\n\t\t\t\t\t\t\t\tEmail\t\t\t\t\t\t\t<\/label>\n\t\t\t\t\t\t\t\t\t\t\t\t\t\t<input size=\"1\" type=\"email\" name=\"form_fields[email_address]\" id=\"form-field-email_address\" class=\"elementor-field elementor-size-sm  elementor-field-textual\" required=\"required\">\n\t\t\t\t\t\t\t\t\t\t\t<\/div>\n\t\t\t\t\t\t\t\t<div class=\"elementor-field-type-tel elementor-field-group elementor-column elementor-field-group-phone_number elementor-col-50 elementor-field-required elementor-mark-required\">\n\t\t\t\t\t\t\t\t\t\t\t\t<label for=\"form-field-phone_number\" class=\"elementor-field-label\">\n\t\t\t\t\t\t\t\tTel\u00e9fono\t\t\t\t\t\t\t<\/label>\n\t\t\t\t\t\t\t\t<input size=\"1\" type=\"tel\" name=\"form_fields[phone_number]\" id=\"form-field-phone_number\" class=\"elementor-field elementor-size-sm  elementor-field-textual\" required=\"required\" pattern=\"[0-9()#&amp;+*-=.]+\" title=\"Only numbers and phone characters (#, -, *, etc) are accepted.\">\n\n\t\t\t\t\t\t<\/div>\n\t\t\t\t\t\t\t\t<div class=\"elementor-field-type-text elementor-field-group elementor-column elementor-field-group-field_0db9416 elementor-col-100 elementor-field-required elementor-mark-required\">\n\t\t\t\t\t\t\t\t\t\t\t\t<label for=\"form-field-field_0db9416\" class=\"elementor-field-label\">\n\t\t\t\t\t\t\t\tAsunto\t\t\t\t\t\t\t<\/label>\n\t\t\t\t\t\t\t\t\t\t\t\t\t\t<input size=\"1\" type=\"text\" name=\"form_fields[field_0db9416]\" id=\"form-field-field_0db9416\" class=\"elementor-field elementor-size-sm  elementor-field-textual\" required=\"required\">\n\t\t\t\t\t\t\t\t\t\t\t<\/div>\n\t\t\t\t\t\t\t\t<div class=\"elementor-field-type-textarea elementor-field-group elementor-column elementor-field-group-details elementor-col-100 elementor-field-required elementor-mark-required\">\n\t\t\t\t\t\t\t\t\t\t\t\t<label for=\"form-field-details\" class=\"elementor-field-label\">\n\t\t\t\t\t\t\t\tMensaje\t\t\t\t\t\t\t<\/label>\n\t\t\t\t\t\t<textarea class=\"elementor-field-textual elementor-field  elementor-size-sm\" name=\"form_fields[details]\" id=\"form-field-details\" rows=\"6\" required=\"required\"><\/textarea>\t\t\t\t<\/div>\n\t\t\t\t\t\t\t\t<div class=\"elementor-field-group elementor-column elementor-field-type-submit elementor-col-100 e-form__buttons\">\n\t\t\t\t\t<button class=\"elementor-button elementor-size-sm\" type=\"submit\">\n\t\t\t\t\t\t<span class=\"elementor-button-content-wrapper\">\n\t\t\t\t\t\t\t\t\t\t\t\t\t\t\t\t\t\t\t\t\t\t<span class=\"elementor-button-text\">Enviar<\/span>\n\t\t\t\t\t\t\t\t\t\t\t\t\t<\/span>\n\t\t\t\t\t<\/button>\n\t\t\t\t<\/div>\n\t\t\t<\/div>\n\t\t<\/form>\n\t\t\t\t\t\t<\/div>\n\t\t\t\t<\/div>\n\t\t\t\t\t<\/div>\n\t\t<\/div>\n\t\t\t\t<div class=\"elementor-column elementor-col-50 elementor-top-column elementor-element elementor-element-2e6774fe\" data-id=\"2e6774fe\" data-element_type=\"column\" data-e-type=\"column\">\n\t\t\t<div class=\"elementor-widget-wrap elementor-element-populated\">\n\t\t\t\t\t\t<div class=\"elementor-element elementor-element-1f01e63d elementor-widget elementor-widget-google_maps\" data-id=\"1f01e63d\" data-element_type=\"widget\" data-e-type=\"widget\" data-widget_type=\"google_maps.default\">\n\t\t\t\t<div class=\"elementor-widget-container\">\n\t\t\t\t\t\t\t<div class=\"elementor-custom-embed\">\n\t\t\t<iframe loading=\"lazy\"\n\t\t\t\t\tsrc=\"https:\/\/maps.google.com\/maps?q=Calle%20Agapito%20Llobet%2C%2017%2C%2007800%2C%20ibiza&#038;t=m&#038;z=18&#038;output=embed&#038;iwloc=near\"\n\t\t\t\t\ttitle=\"Calle Agapito Llobet, 17, 07800, ibiza\"\n\t\t\t\t\taria-label=\"Calle Agapito Llobet, 17, 07800, ibiza\"\n\t\t\t><\/iframe>\n\t\t<\/div>\n\t\t\t\t\t\t<\/div>\n\t\t\t\t<\/div>\n\t\t\t\t\t<\/div>\n\t\t<\/div>\n\t\t\t\t\t<\/div>\n\t\t<\/section>\n\t\t<div class=\"elementor-element elementor-element-ab20a55 e-flex e-con-boxed e-con e-parent\" data-id=\"ab20a55\" data-element_type=\"container\" data-e-type=\"container\" data-settings=\"{&quot;background_background&quot;:&quot;classic&quot;}\">\n\t\t\t\t\t<div class=\"e-con-inner\">\n\t\t\t\t<div class=\"elementor-element elementor-element-1ca4421 elementor-widget-divider--view-line elementor-widget elementor-widget-divider\" data-id=\"1ca4421\" data-element_type=\"widget\" data-e-type=\"widget\" data-widget_type=\"divider.default\">\n\t\t\t\t<div class=\"elementor-widget-container\">\n\t\t\t\t\t\t\t<div class=\"elementor-divider\">\n\t\t\t<span class=\"elementor-divider-separator\">\n\t\t\t\t\t\t<\/span>\n\t\t<\/div>\n\t\t\t\t\t\t<\/div>\n\t\t\t\t<\/div>\n\t\t\t\t\t<\/div>\n\t\t\t\t<\/div>\n\t\t\t\t<\/div>\n\t\t","protected":false},"excerpt":{"rendered":"<p>Sobre Nosotros Conoce nuestro increible servicio Rental Service Alcober es una empresa especializada en el alquiler de coches de lujo, barcos exclusivos y villas de alto nivel en Espa\u00f1a. Nuestra misi\u00f3n es ofrecer experiencias inolvidables a trav\u00e9s de un servicio integral de lujo, donde cada detalle est\u00e1 dise\u00f1ado para superar las expectativas de nuestros clientes. [&hellip;]<\/p>\n","protected":false},"author":2,"featured_media":0,"parent":0,"menu_order":0,"comment_status":"closed","ping_status":"closed","template":"","meta":{"_acf_changed":false,"om_disable_all_campaigns":false,"_monsterinsights_skip_tracking":false,"_monsterinsights_sitenote_active":false,"_monsterinsights_sitenote_note":"","_monsterinsights_sitenote_category":0,"_uf_show_specific_survey":0,"_uf_disable_surveys":false,"footnotes":""},"class_list":["post-749","page","type-page","status-publish","hentry"],"acf":[],"aioseo_notices":[],"_links":{"self":[{"href":"https:\/\/alcoberservices.com\/en\/wp-json\/wp\/v2\/pages\/749","targetHints":{"allow":["GET"]}}],"collection":[{"href":"https:\/\/alcoberservices.com\/en\/wp-json\/wp\/v2\/pages"}],"about":[{"href":"https:\/\/alcoberservices.com\/en\/wp-json\/wp\/v2\/types\/page"}],"author":[{"embeddable":true,"href":"https:\/\/alcoberservices.com\/en\/wp-json\/wp\/v2\/users\/2"}],"replies":[{"embeddable":true,"href":"https:\/\/alcoberservices.com\/en\/wp-json\/wp\/v2\/comments?post=749"}],"version-history":[{"count":23,"href":"https:\/\/alcoberservices.com\/en\/wp-json\/wp\/v2\/pages\/749\/revisions"}],"predecessor-version":[{"id":1758,"href":"https:\/\/alcoberservices.com\/en\/wp-json\/wp\/v2\/pages\/749\/revisions\/1758"}],"wp:attachment":[{"href":"https:\/\/alcoberservices.com\/en\/wp-json\/wp\/v2\/media?parent=749"}],"curies":[{"name":"wp","href":"https:\/\/api.w.org\/{rel}","templated":true}]}}